{"id":9893,"date":"2025-01-16T19:05:03","date_gmt":"2025-01-16T19:05:03","guid":{"rendered":"https:\/\/gyes.com.tr\/gyes-sinirli-omur-boyu-garanti\/"},"modified":"2025-07-03T12:30:51","modified_gmt":"2025-07-03T12:30:51","slug":"gyes-sinirli-omur-boyu-garanti","status":"publish","type":"page","link":"https:\/\/gyes.com.tr\/tr\/gyes-sinirli-omur-boyu-garanti\/","title":{"rendered":"GYES S\u0131n\u0131rl\u0131 \u00d6m\u00fcr Boyu Garanti"},"content":{"rendered":"\n<p>GYES tabancan\u0131z\u0131 sat\u0131n ald\u0131\u011f\u0131n\u0131z i\u00e7in tebrikler. GYES, GYES tabancalar\u0131n\u0131n T\u00fcrkiye&#8217;deki tek sertifikal\u0131 servis sa\u011flay\u0131c\u0131s\u0131 olmaktan gurur duymaktad\u0131r. GYES&#8217;in S\u0131n\u0131rl\u0131 \u00d6m\u00fcr Boyu Garanti Politikas\u0131 uyar\u0131nca, GYES, tabancaya sahip oldu\u011funuz s\u00fcrece, tabancayla ilgili malzeme veya i\u015f\u00e7ilik kusurlar\u0131n\u0131 orijinal al\u0131c\u0131ya \u00fccretsiz olarak onaracakt\u0131r. (Bu anla\u015fma devredilemez; faydalar\u0131 yaln\u0131zca orijinal perakende al\u0131c\u0131 i\u00e7in ge\u00e7erlidir. Ate\u015fli silah aksesuarlar\u0131 bu poli\u00e7e kapsam\u0131nda de\u011fildir).<\/p>\n\n<p>Tabancan\u0131z\u0131 GYES&#8217;e kaydettirmek i\u00e7in l\u00fctfen sat\u0131n ald\u0131ktan sonra 30 g\u00fcn i\u00e7inde ekteki \u00dcr\u00fcn Kay\u0131t Formunu g\u00f6nderin. Makbuz veya fatura da dahil olmak \u00fczere sat\u0131n alma belgesi kayd\u0131n\u0131zla birlikte sunulmal\u0131d\u0131r. Formlar iadeli taahh\u00fctl\u00fc ya da taahh\u00fctl\u00fc posta yoluyla g\u00f6nderilebilir. Formlar ayr\u0131ca yazd\u0131r\u0131labilir, doldurulabilir ve formda verilen adrese e-posta ile g\u00f6nderilebilir.<\/p>\n\n<p>Onar\u0131m talebinde bulunmak i\u00e7in GYES ile ileti\u015fime ge\u00e7in: \u00c7erke\u015fli Mahallesi, Valiler Bulvar\u0131, Uzuntarla Sokak No:7, 41455 Dilovas\u0131\/Kocaeli veya <a href=\"mailto:support@gyes.com.tr?Subject=Repair%20Claim\" target=\"_top\" aria-label=\"send an email to support@gyes.com.tr?Subject=Repair%20Claim\" data-uw-rm-vglnk=\"\">support@gyes.com.tr<\/a> adresine e-posta g\u00f6nderin veya tabancan\u0131z\u0131 nas\u0131l iade edece\u011finize ili\u015fkin talimatlar i\u00e7in +90 (216) 232 49 37 numaral\u0131 telefonu aray\u0131n. \u00d6nceden izin almadan GYES tabancan\u0131z\u0131 servis i\u00e7in iade etmeyin.<\/p>\n\n<p>M\u00fc\u015fteri hizmetleriyle ileti\u015fime ge\u00e7erken, l\u00fctfen sahibinin ad\u0131n\u0131, adresini, modelini ve seri numaras\u0131n\u0131 haz\u0131r bulundurun. Bu bilgi, servis temsilcisinin talebinizi h\u0131zland\u0131rmas\u0131na yard\u0131mc\u0131 olacakt\u0131r.<\/p>\n\n<h3 class=\"wp-block-heading\">Garanti S\u0131n\u0131rlamalar\u0131<\/h3>\n\n<p>Bu garanti, kay\u0131p, h\u0131rs\u0131zl\u0131k, kas\u0131tl\u0131 hasar, korozyon, ihmal, k\u00f6t\u00fcye kullan\u0131m veya makul olmayan kullan\u0131m, yanl\u0131\u015f kullan\u0131m, yanl\u0131\u015f kullan\u0131mdan kaynaklanan kusurlar veya ar\u0131zalar, m\u00fchimmat ar\u0131zalar\u0131 veya kusurlu veya uygunsuz m\u00fchimmat kullan\u0131m\u0131, bak\u0131m eksikli\u011fi, fabrika d\u0131\u015f\u0131 par\u00e7a kurulumlar\u0131n\u0131 kapsamaz, Ate\u015fli silahta yap\u0131lan de\u011fi\u015fiklikler veya modifikasyonlar, \u00fcr\u00fcn\u00fcn k\u0131lavuzundaki (varsa) sahada s\u0131y\u0131rma talimatlar\u0131 d\u0131\u015f\u0131nda s\u00f6kme, normal veya ola\u011fan a\u015f\u0131nma ve y\u0131pranma, su\u00e7 te\u015fkil eden yanl\u0131\u015f kullan\u0131m, ihmal, uyu\u015fturucu veya alkol etkisi alt\u0131nda kullan\u0131m veya \u00fcr\u00fcn\u00fcn performans\u0131n\u0131 engellemeyen kozmetik hasar.<\/p>\n\n<p>Y\u00fcr\u00fcrl\u00fckteki yasalar\u0131n izin verdi\u011fi \u00f6l\u00e7\u00fcde, GYES ve \u00e7al\u0131\u015fanlar\u0131, acenteleri, distrib\u00fct\u00f6rleri ve ortaklar\u0131, herhangi bir T\u0130CAR\u0130 ELVER\u0130\u015eL\u0130L\u0130K VEYA BEL\u0130RL\u0130 B\u0130R AMACA UYGUNLUK GARANT\u0130S\u0130 DAH\u0130L OLMAK \u00dcZERE, ate\u015fli silahla ilgili olarak a\u00e7\u0131k veya z\u0131mni herhangi bir garanti vermez ve verme hakk\u0131na veya yetkisine sahip de\u011fildir. Sa\u011flanan tek s\u0131n\u0131rl\u0131 garanti, burada belirtilen \u015fartlar ve s\u0131n\u0131rlamalar uyar\u0131nca GYES&#8217;e aittir. Burada yer alan hi\u00e7bir \u015fey, GYES ad\u0131na z\u0131mni veya a\u00e7\u0131k bir garanti olarak veya GYES taraf\u0131ndan yukar\u0131daki \u015fartlar\u0131n \u00f6tesinde z\u0131mni veya a\u00e7\u0131k bir garanti olarak yorumlanmayacakt\u0131r.<\/p>\n\n<h3 class=\"wp-block-heading\">Sorumluluk S\u0131n\u0131rlamalar\u0131<\/h3>\n\n<p>YASALARIN I\u0307ZI\u0307N VERDI\u0307\u011eI\u0307 EN GENI\u0307\u015e \u00d6L\u00c7\u00dcDE, GYES T\u00dcM ZIMNI\u0307 GARANTI\u0307LERI\u0307 REDDEDER VE BA\u015eKA HI\u0307\u00c7BI\u0307R A\u00c7IK GARANTI\u0307 VERMEZ.<\/p>\n\n<p>GYES, \u00fcr\u00fcnlerin performans\u0131ndan ve kullan\u0131m\u0131ndan kaynaklanan ar\u0131zi, \u00f6zel veya dolayl\u0131 zararlardan, GYES bu t\u00fcr zararlar\u0131n olas\u0131l\u0131\u011f\u0131 konusunda bilgilendirilmi\u015f olsa bile sorumlu olmayacakt\u0131r. Ge\u00e7erli yasalar, sorumlulu\u011fun veya ar\u0131zi ya da dolayl\u0131 zararlar\u0131n hari\u00e7 tutulmas\u0131n\u0131n s\u0131n\u0131rland\u0131r\u0131lmas\u0131na izin vermeyebilir, bu nedenle yukar\u0131daki s\u0131n\u0131rlama veya hari\u00e7 tutma sizin i\u00e7in ge\u00e7erli olmayabilir.<\/p>\n\n<p>L\u00fctfen dikkat: GYES, mevcut par\u00e7alar dahil ancak bunlarla s\u0131n\u0131rl\u0131 olmamak \u00fczere herhangi bir nedenle garanti kapsam\u0131nda de\u011fi\u015fiklik yapma hakk\u0131n\u0131 sakl\u0131 tutar. GYES tabancan\u0131n tamir edilemeyece\u011fini belirlerse, tabancay\u0131 GYES&#8217;in tek karar\u0131na g\u00f6re ve size herhangi bir de\u011fi\u015ftirme maliyeti olmadan benzer \u00f6zellikte ve \u00fcr\u00fcn s\u0131n\u0131f\u0131nda bir tabanca ile de\u011fi\u015ftirece\u011fiz.<\/p>\n\n<p>Baz\u0131 eyaletler tesad\u00fcfi veya dolayl\u0131 zararlar\u0131n hari\u00e7 tutulmas\u0131na veya s\u0131n\u0131rland\u0131r\u0131lmas\u0131na veya z\u0131mni garantinin ne kadar s\u00fcrece\u011fine ili\u015fkin s\u0131n\u0131rlamalara izin vermez, bu nedenle yukar\u0131daki s\u0131n\u0131rlamalar veya istisnalar sizin i\u00e7in ge\u00e7erli olmayabilir. Bu garanti size belirli yasal haklar verir ve eyaletten eyalete de\u011fi\u015fen ba\u015fka haklar\u0131n\u0131z da olabilir.<\/p>\n\n<h3 class=\"wp-block-heading\">Garanti Hizmet Prosed\u00fcr\u00fc<\/h3>\n\n<p>GYES tabancan\u0131z\u0131 kaydettirmek i\u00e7in l\u00fctfen sat\u0131n ald\u0131ktan sonraki 30 g\u00fcn i\u00e7inde GYES \u00dcr\u00fcn Kay\u0131t formunu g\u00f6nderin. Makbuz veya fatura da dahil olmak \u00fczere sat\u0131n alma belgesi kayd\u0131n\u0131zla birlikte sunulmal\u0131d\u0131r. Formlar, formda belirtilen adrese iadeli taahh\u00fctl\u00fc posta veya elektronik posta yoluyla g\u00f6nderilebilir. Garanti hizmeti almak i\u00e7in tabancan\u0131z\u0131 GYES&#8217;e iade etmeniz gerekir. \u015eirketle irtibata ge\u00e7meden tabancan\u0131z\u0131 GYES&#8217;e iade etmeye \u00e7al\u0131\u015fmay\u0131n.<\/p>\n\n<p>GYES ile <a href=\"mailto:support@gyes.com.tr?Subject=Warranty%20Service\" target=\"_top\" aria-label=\"send an email to support@gyes.com.tr?Subject=Warranty%20service\" data-uw-rm-vglnk=\"\">support@gyes.com.tr<\/a> adresinden e-posta yoluyla veya <a href=\"\/#section-contact\" target=\"_blank\" rel=\"noopener\">\u0130leti\u015fim<\/a> adresindeki \u015firket web sitesi arac\u0131l\u0131\u011f\u0131yla ileti\u015fime ge\u00e7ebilirsiniz. Yetkili bir GYES Temsilcisi, GYES fabrika servisinin gerekli olup olmad\u0131\u011f\u0131n\u0131 ve nas\u0131l devam edilece\u011fini belirleyebilir.<\/p>\n\n<p>Tabancan\u0131z\u0131n GYES fabrikas\u0131na iade edilmesi gerekiyorsa, GYES&#8217;e nakliye \u00fccretlerini \u00f6demekten siz sorumlu olacaks\u0131n\u0131z. Herhangi bir tabanca GYES&#8217;e iade edilmeden \u00f6nce, bizden bir \u0130ade \u0130zni (RA) numaras\u0131 alman\u0131z gerekir. RA numaras\u0131 olmadan GYES&#8217;e iade edilen tabancalara garanti hizmeti verilmeyebilir.<\/p>\n\n<p>GYES tabanca teslim al\u0131nd\u0131\u011f\u0131nda, garanti kapsam\u0131nda onar\u0131m i\u00e7in uygun bir talep olup olmad\u0131\u011f\u0131n\u0131n belirlenmesi i\u00e7in incelenecektir. GYES, tamir edilen tabancay\u0131 sahibinin se\u00e7ti\u011fi FFL&#8217;ye iade etmek i\u00e7in navlun \u00fccretlerini \u00f6deyecektir. GYES, FFL&#8217;deki transfer \u00fccretlerinden sorumlu de\u011fildir.<\/p>\n","protected":false},"excerpt":{"rendered":"<p>GYES tabancan\u0131z\u0131 sat\u0131n ald\u0131\u011f\u0131n\u0131z i\u00e7in tebrikler. GYES, GYES tabancalar\u0131n\u0131n T\u00fcrkiye&#8217;deki tek sertifikal\u0131 servis sa\u011flay\u0131c\u0131s\u0131 olmaktan gurur duymaktad\u0131r. GYES&#8217;in S\u0131n\u0131rl\u0131 \u00d6m\u00fcr Boyu Garanti Politikas\u0131 uyar\u0131nca, GYES, tabancaya sahip oldu\u011funuz s\u00fcrece, tabancayla ilgili malzeme veya i\u015f\u00e7ilik kusurlar\u0131n\u0131 orijinal al\u0131c\u0131ya \u00fccretsiz olarak onaracakt\u0131r. (Bu anla\u015fma devredilemez; faydalar\u0131 yaln\u0131zca orijinal perakende al\u0131c\u0131 i\u00e7in ge\u00e7erlidir. Ate\u015fli silah aksesuarlar\u0131 bu poli\u00e7e [&hellip;]<\/p>\n","protected":false},"author":1,"featured_media":0,"parent":0,"menu_order":0,"comment_status":"closed","ping_status":"closed","template":"","meta":{"footnotes":""},"class_list":["post-9893","page","type-page","status-publish","hentry"],"yoast_head":"<!-- This site is optimized with the Yoast SEO plugin v27.5 - https:\/\/yoast.com\/product\/yoast-seo-wordpress\/ -->\n<title>GYES S\u0131n\u0131rl\u0131 \u00d6m\u00fcr Boyu Garanti - GYES Savunma Sanayi<\/title>\n<meta name=\"description\" content=\"Gyes, Gyes arms, Gyes savunma, Lord of guns, Gyes lord of guns, Gyes savunma lord of guns\" \/>\n<meta name=\"robots\" content=\"index, follow, max-snippet:-1, max-image-preview:large, max-video-preview:-1\" \/>\n<link rel=\"canonical\" href=\"https:\/\/gyes.com.tr\/tr\/gyes-sinirli-omur-boyu-garanti\/\" \/>\n<meta property=\"og:locale\" content=\"tr_TR\" \/>\n<meta property=\"og:type\" content=\"article\" \/>\n<meta property=\"og:title\" content=\"GYES S\u0131n\u0131rl\u0131 \u00d6m\u00fcr Boyu Garanti - GYES Savunma Sanayi\" \/>\n<meta property=\"og:description\" content=\"Gyes, Gyes arms, Gyes savunma, Lord of guns, Gyes lord of guns, Gyes savunma lord of guns\" \/>\n<meta property=\"og:url\" content=\"https:\/\/gyes.com.tr\/tr\/gyes-sinirli-omur-boyu-garanti\/\" \/>\n<meta property=\"og:site_name\" content=\"GYES Savunma Sanayi\" \/>\n<meta property=\"article:publisher\" content=\"https:\/\/www.facebook.com\/gyesarms\" \/>\n<meta property=\"article:modified_time\" content=\"2025-07-03T12:30:51+00:00\" \/>\n<meta property=\"og:image\" content=\"https:\/\/gyes.com.tr\/wp-content\/uploads\/Gyes_WebSequence_May2024_00200-2.webp\" \/>\n\t<meta property=\"og:image:width\" content=\"1500\" \/>\n\t<meta property=\"og:image:height\" content=\"1500\" \/>\n\t<meta property=\"og:image:type\" content=\"image\/webp\" \/>\n<meta name=\"twitter:card\" content=\"summary_large_image\" \/>\n<meta name=\"twitter:site\" content=\"@lordofguns\" \/>\n<meta name=\"twitter:label1\" content=\"Tahmini okuma s\u00fcresi\" \/>\n\t<meta name=\"twitter:data1\" content=\"5 dakika\" \/>\n<script type=\"application\/ld+json\" class=\"yoast-schema-graph\">{\"@context\":\"https:\\\/\\\/schema.org\",\"@graph\":[{\"@type\":\"WebPage\",\"@id\":\"https:\\\/\\\/gyes.com.tr\\\/tr\\\/gyes-sinirli-omur-boyu-garanti\\\/\",\"url\":\"https:\\\/\\\/gyes.com.tr\\\/tr\\\/gyes-sinirli-omur-boyu-garanti\\\/\",\"name\":\"GYES S\u0131n\u0131rl\u0131 \u00d6m\u00fcr Boyu Garanti - GYES Savunma Sanayi\",\"isPartOf\":{\"@id\":\"https:\\\/\\\/gyes.com.tr\\\/tr\\\/#website\"},\"datePublished\":\"2025-01-16T19:05:03+00:00\",\"dateModified\":\"2025-07-03T12:30:51+00:00\",\"description\":\"Gyes, Gyes arms, Gyes savunma, Lord of guns, Gyes lord of guns, Gyes savunma lord of guns\",\"breadcrumb\":{\"@id\":\"https:\\\/\\\/gyes.com.tr\\\/tr\\\/gyes-sinirli-omur-boyu-garanti\\\/#breadcrumb\"},\"inLanguage\":\"tr\",\"potentialAction\":[{\"@type\":\"ReadAction\",\"target\":[\"https:\\\/\\\/gyes.com.tr\\\/tr\\\/gyes-sinirli-omur-boyu-garanti\\\/\"]}]},{\"@type\":\"BreadcrumbList\",\"@id\":\"https:\\\/\\\/gyes.com.tr\\\/tr\\\/gyes-sinirli-omur-boyu-garanti\\\/#breadcrumb\",\"itemListElement\":[{\"@type\":\"ListItem\",\"position\":1,\"name\":\"Home\",\"item\":\"https:\\\/\\\/gyes.com.tr\\\/tr\\\/\"},{\"@type\":\"ListItem\",\"position\":2,\"name\":\"GYES S\u0131n\u0131rl\u0131 \u00d6m\u00fcr Boyu Garanti\"}]},{\"@type\":\"WebSite\",\"@id\":\"https:\\\/\\\/gyes.com.tr\\\/tr\\\/#website\",\"url\":\"https:\\\/\\\/gyes.com.tr\\\/tr\\\/\",\"name\":\"GYES - Lord of Guns\",\"description\":\"- Silahlar\u0131n Efendisi\",\"publisher\":{\"@id\":\"https:\\\/\\\/gyes.com.tr\\\/tr\\\/#organization\"},\"alternateName\":\"Lord of Guns | Defense Industries\",\"potentialAction\":[{\"@type\":\"SearchAction\",\"target\":{\"@type\":\"EntryPoint\",\"urlTemplate\":\"https:\\\/\\\/gyes.com.tr\\\/tr\\\/?s={search_term_string}\"},\"query-input\":{\"@type\":\"PropertyValueSpecification\",\"valueRequired\":true,\"valueName\":\"search_term_string\"}}],\"inLanguage\":\"tr\"},{\"@type\":\"Organization\",\"@id\":\"https:\\\/\\\/gyes.com.tr\\\/tr\\\/#organization\",\"name\":\"GYES - Lord of Guns\",\"alternateName\":\"Defense Industries - Lord of Guns\",\"url\":\"https:\\\/\\\/gyes.com.tr\\\/tr\\\/\",\"logo\":{\"@type\":\"ImageObject\",\"inLanguage\":\"tr\",\"@id\":\"https:\\\/\\\/gyes.com.tr\\\/tr\\\/#\\\/schema\\\/logo\\\/image\\\/\",\"url\":\"https:\\\/\\\/gyes.com.tr\\\/wp-content\\\/uploads\\\/Gyes_WebSequence_May2024_00200-2.webp\",\"contentUrl\":\"https:\\\/\\\/gyes.com.tr\\\/wp-content\\\/uploads\\\/Gyes_WebSequence_May2024_00200-2.webp\",\"width\":1500,\"height\":1500,\"caption\":\"GYES - Lord of Guns\"},\"image\":{\"@id\":\"https:\\\/\\\/gyes.com.tr\\\/tr\\\/#\\\/schema\\\/logo\\\/image\\\/\"},\"sameAs\":[\"https:\\\/\\\/www.facebook.com\\\/gyesarms\",\"https:\\\/\\\/x.com\\\/lordofguns\",\"https:\\\/\\\/www.instagram.com\\\/lordofguns\\\/\",\"https:\\\/\\\/www.linkedin.com\\\/company\\\/lordofguns\"]}]}<\/script>\n<!-- \/ Yoast SEO plugin. -->","yoast_head_json":{"title":"GYES S\u0131n\u0131rl\u0131 \u00d6m\u00fcr Boyu Garanti - GYES Savunma Sanayi","description":"Gyes, Gyes arms, Gyes savunma, Lord of guns, Gyes lord of guns, Gyes savunma lord of guns","robots":{"index":"index","follow":"follow","max-snippet":"max-snippet:-1","max-image-preview":"max-image-preview:large","max-video-preview":"max-video-preview:-1"},"canonical":"https:\/\/gyes.com.tr\/tr\/gyes-sinirli-omur-boyu-garanti\/","og_locale":"tr_TR","og_type":"article","og_title":"GYES S\u0131n\u0131rl\u0131 \u00d6m\u00fcr Boyu Garanti - GYES Savunma Sanayi","og_description":"Gyes, Gyes arms, Gyes savunma, Lord of guns, Gyes lord of guns, Gyes savunma lord of guns","og_url":"https:\/\/gyes.com.tr\/tr\/gyes-sinirli-omur-boyu-garanti\/","og_site_name":"GYES Savunma Sanayi","article_publisher":"https:\/\/www.facebook.com\/gyesarms","article_modified_time":"2025-07-03T12:30:51+00:00","og_image":[{"width":1500,"height":1500,"url":"https:\/\/gyes.com.tr\/wp-content\/uploads\/Gyes_WebSequence_May2024_00200-2.webp","type":"image\/webp"}],"twitter_card":"summary_large_image","twitter_site":"@lordofguns","twitter_misc":{"Tahmini okuma s\u00fcresi":"5 dakika"},"schema":{"@context":"https:\/\/schema.org","@graph":[{"@type":"WebPage","@id":"https:\/\/gyes.com.tr\/tr\/gyes-sinirli-omur-boyu-garanti\/","url":"https:\/\/gyes.com.tr\/tr\/gyes-sinirli-omur-boyu-garanti\/","name":"GYES S\u0131n\u0131rl\u0131 \u00d6m\u00fcr Boyu Garanti - GYES Savunma Sanayi","isPartOf":{"@id":"https:\/\/gyes.com.tr\/tr\/#website"},"datePublished":"2025-01-16T19:05:03+00:00","dateModified":"2025-07-03T12:30:51+00:00","description":"Gyes, Gyes arms, Gyes savunma, Lord of guns, Gyes lord of guns, Gyes savunma lord of guns","breadcrumb":{"@id":"https:\/\/gyes.com.tr\/tr\/gyes-sinirli-omur-boyu-garanti\/#breadcrumb"},"inLanguage":"tr","potentialAction":[{"@type":"ReadAction","target":["https:\/\/gyes.com.tr\/tr\/gyes-sinirli-omur-boyu-garanti\/"]}]},{"@type":"BreadcrumbList","@id":"https:\/\/gyes.com.tr\/tr\/gyes-sinirli-omur-boyu-garanti\/#breadcrumb","itemListElement":[{"@type":"ListItem","position":1,"name":"Home","item":"https:\/\/gyes.com.tr\/tr\/"},{"@type":"ListItem","position":2,"name":"GYES S\u0131n\u0131rl\u0131 \u00d6m\u00fcr Boyu Garanti"}]},{"@type":"WebSite","@id":"https:\/\/gyes.com.tr\/tr\/#website","url":"https:\/\/gyes.com.tr\/tr\/","name":"GYES - Lord of Guns","description":"- Silahlar\u0131n Efendisi","publisher":{"@id":"https:\/\/gyes.com.tr\/tr\/#organization"},"alternateName":"Lord of Guns | Defense Industries","potentialAction":[{"@type":"SearchAction","target":{"@type":"EntryPoint","urlTemplate":"https:\/\/gyes.com.tr\/tr\/?s={search_term_string}"},"query-input":{"@type":"PropertyValueSpecification","valueRequired":true,"valueName":"search_term_string"}}],"inLanguage":"tr"},{"@type":"Organization","@id":"https:\/\/gyes.com.tr\/tr\/#organization","name":"GYES - Lord of Guns","alternateName":"Defense Industries - Lord of Guns","url":"https:\/\/gyes.com.tr\/tr\/","logo":{"@type":"ImageObject","inLanguage":"tr","@id":"https:\/\/gyes.com.tr\/tr\/#\/schema\/logo\/image\/","url":"https:\/\/gyes.com.tr\/wp-content\/uploads\/Gyes_WebSequence_May2024_00200-2.webp","contentUrl":"https:\/\/gyes.com.tr\/wp-content\/uploads\/Gyes_WebSequence_May2024_00200-2.webp","width":1500,"height":1500,"caption":"GYES - Lord of Guns"},"image":{"@id":"https:\/\/gyes.com.tr\/tr\/#\/schema\/logo\/image\/"},"sameAs":["https:\/\/www.facebook.com\/gyesarms","https:\/\/x.com\/lordofguns","https:\/\/www.instagram.com\/lordofguns\/","https:\/\/www.linkedin.com\/company\/lordofguns"]}]}},"meta_box":[],"_links":{"self":[{"href":"https:\/\/gyes.com.tr\/tr\/wp-json\/wp\/v2\/pages\/9893","targetHints":{"allow":["GET"]}}],"collection":[{"href":"https:\/\/gyes.com.tr\/tr\/wp-json\/wp\/v2\/pages"}],"about":[{"href":"https:\/\/gyes.com.tr\/tr\/wp-json\/wp\/v2\/types\/page"}],"author":[{"embeddable":true,"href":"https:\/\/gyes.com.tr\/tr\/wp-json\/wp\/v2\/users\/1"}],"replies":[{"embeddable":true,"href":"https:\/\/gyes.com.tr\/tr\/wp-json\/wp\/v2\/comments?post=9893"}],"version-history":[{"count":1,"href":"https:\/\/gyes.com.tr\/tr\/wp-json\/wp\/v2\/pages\/9893\/revisions"}],"predecessor-version":[{"id":9894,"href":"https:\/\/gyes.com.tr\/tr\/wp-json\/wp\/v2\/pages\/9893\/revisions\/9894"}],"wp:attachment":[{"href":"https:\/\/gyes.com.tr\/tr\/wp-json\/wp\/v2\/media?parent=9893"}],"curies":[{"name":"wp","href":"https:\/\/api.w.org\/{rel}","templated":true}]}}