{"id":9897,"date":"2024-02-27T10:38:42","date_gmt":"2024-02-27T10:38:42","guid":{"rendered":"https:\/\/gyes.com.tr\/kisisel-verilerin-korunmasi-kanunu\/"},"modified":"2025-07-03T12:32:04","modified_gmt":"2025-07-03T12:32:04","slug":"kisisel-verilerin-korunmasi-kanunu","status":"publish","type":"page","link":"https:\/\/gyes.com.tr\/tr\/kisisel-verilerin-korunmasi-kanunu\/","title":{"rendered":"Ki\u015fisel Verilerin Korunmas\u0131 Kanunu"},"content":{"rendered":"\n<h4 class=\"wp-block-heading\">Veri Sorumlusu<\/h4>\n\n<p>Gyes Savunma Sanayi L\u0131m\u0131ted \u015eirketi (&#8220;Gyes&#8221; veya &#8220;\u015eirket&#8221;) Olarak 6698 Say\u0131l\u0131 Ki\u015fisel Verilerin Korunmas\u0131 Kanunu Kapsam\u0131nda Veri Sorumlusu S\u0131fat\u0131yla \u00dcyelerimizi, M\u00fc\u015fterilerimizi ve Ziyaret\u00e7ilerimizi Bilgilendirmek \u0130stiyoruz.<\/p>\n\n<h4 class=\"wp-block-heading\">Ki\u015fisel Verileriniz, Elde Edilme Y\u00f6ntemleri, \u0130\u015flenme Ama\u00e7lar\u0131 ve Hukuki Dayanaklar\u0131<\/h4>\n\n<ul class=\"wp-block-list\">\n<li>Size ait ki\u015fisel bilgiler, www.gyes.com.tr internet sitesi \u00fczerinden sizinle kurulan \u00fcyelik ili\u015fkisi, telefon veya e-posta yaz\u0131\u015fmalar\u0131ndaki payla\u015f\u0131mlar\u0131n\u0131z ya da herhangi bir \u015fekilde \u015firketimizle ticari veya hukuki bir ili\u015fki i\u00e7erisine girdi\u011finizde do\u011frudan elektronik ortamda sizden elde edilmektedir. GYES ile aran\u0131zdaki \u00fcyelik s\u00f6zle\u015fmesi ve sat\u0131\u015f s\u00f6zle\u015fmesi nedeniyle:<\/li>\n\n\n\n<li>Kimlik bilgileri (Ad, Soyad, TC Kimlik numaras\u0131); Ki\u015fisel Verilerin Korunmas\u0131 Kanunu (KVKK) Madde 5\/2 c-\u00e7<\/li>\n\n\n\n<li>\u0130leti\u015fim bilgileri (E-posta adresi, Telefon numaras\u0131, Adres), KVKK Madde 5\/2 c-\u00e7<\/li>\n\n\n\n<li>\u0130nternet sitesi \u00fczerinden taraf\u0131n\u0131zca kurulan \u00fcyelik ve sat\u0131\u015f ili\u015fkilerine ili\u015fkin i\u015flem g\u00fcvenli\u011fi verileri (IP adresi, loglar vb.), KVKK madde 5\/2 c-\u00e7<\/li>\n\n\n\n<li>Bunlar, ki\u015filik haklar\u0131n\u0131za zarar vermemek kayd\u0131yla zorunlu me\u015fru menfaatimiz kapsam\u0131nda i\u015flenece\u011fi gibi, Kanun&#8217;un 5\/2 maddesi uyar\u0131nca s\u00f6zle\u015fmenin kurulmas\u0131, s\u00f6zle\u015fmenin ifas\u0131, kanuni y\u00fck\u00fcml\u00fcl\u00fcklerin yerine getirilmesi ve \u00fcyelik hakk\u0131n\u0131n tesisi i\u00e7in de kanuni y\u00fck\u00fcml\u00fcl\u00fcklere dayal\u0131 olarak i\u015flenecektir. Verilerin pazarlama amac\u0131yla i\u015flenmesinin sebebi KVKK&#8217;n\u0131n 5\/1 maddesidir.<\/li>\n\n\n\n<li>Bu bilgilere ek olarak, izin vermeniz halinde, SMS ve e-posta yoluyla kampanya ve reklam i\u00e7eren elektronik ticari mesajlar alacaks\u0131n\u0131z. Ki\u015fisel verilerinizin pazarlama amac\u0131yla i\u015flenmesine ve taraf\u0131n\u0131za elektronik ticari ileti g\u00f6nderilmesine ili\u015fkin izinlerinizi ilgili kutucuklar\u0131 i\u015faretleyerek verebilirsiniz.<\/li>\n\n\n\n<li>Ki\u015fisel verileriniz, \u00fcyelik s\u00f6zle\u015fmesi s\u00fcre\u00e7lerinin kurulmas\u0131 ve ifas\u0131, Mal\/Hizmet Al\u0131m\u0131, Sat\u0131\u015f ve Sat\u0131\u015f Sonras\u0131 Destek S\u00fcre\u00e7lerinin Y\u00fcr\u00fct\u00fclmesi, Yasal Y\u00fck\u00fcml\u00fcl\u00fcklerin Yerine Getirilmesi\/\u0130fas\u0131, M\u00fc\u015fteri \u0130li\u015fkileri Y\u00f6netimi S\u00fcre\u00e7lerinin Y\u00fcr\u00fct\u00fclmesi, M\u00fc\u015fteri Memnuniyetine Y\u00f6nelik Faaliyetlerin Y\u00fcr\u00fct\u00fclmesi, Reklam\/Kampanya\/Tan\u0131t\u0131m S\u00fcre\u00e7lerinin\/Faaliyetlerinin mevzuata uygun olarak y\u00fcr\u00fct\u00fclmesi, Talep ve \u015eik\u00e2yetlerin Yerine Getirilmesi, \u0130leti\u015fim Faaliyetlerinin ve Bilgi G\u00fcvenli\u011finin Sa\u011flanmas\u0131 gibi ama\u00e7larla i\u015flenmektedir.<\/li>\n<\/ul>\n\n<h4 class=\"wp-block-heading\">Veri Aktar\u0131m\u0131<\/h4>\n\n<p>Yukar\u0131da belirtilen Ki\u015fisel verileriniz, 6698 say\u0131l\u0131 Kanun&#8217;un 8. ve 9. maddelerinde belirtilen ki\u015fisel veri i\u015fleme \u015fartlar\u0131 \u00e7er\u00e7evesinde ve bunlarla s\u0131n\u0131rl\u0131 olarak, yasal zorunluluklar nedeniyle bu verileri talep eden yetkili kamu kurum veya kurulu\u015flar\u0131, sizlere \u00fcr\u00fcn ve hizmet sa\u011flama faaliyetlerimiz nedeniyle s\u00f6zle\u015fme ili\u015fkisi i\u00e7inde oldu\u011fumuz yurti\u00e7i kurumlar, tedarik\u00e7ilerimiz, i\u015f ortaklar\u0131m\u0131z, hizmet ald\u0131\u011f\u0131m\u0131z ve i\u015fbirli\u011fi i\u00e7inde oldu\u011fumuz \u00fc\u00e7\u00fcnc\u00fc ki\u015filer ile mevzuat taraf\u0131ndan belirlenen g\u00fcvenlik ve gizlilik esaslar\u0131na uygun olarak yeterli ve etkin \u00f6nlemler al\u0131narak ve yasal gereklilikler nedeniyle ve yukar\u0131da say\u0131lan ama\u00e7larla payla\u015f\u0131labilecektir. (Milli Savunma Bakanl\u0131\u011f\u0131, Ba\u011f\u0131ms\u0131z Denet\u00e7iler, Uyu\u015fmazl\u0131k Halinde Mahkemeler, Avukatlar vb.)<\/p>\n\n<h4 class=\"wp-block-heading\">Kanun Kapsam\u0131ndaki Haklar\u0131n\u0131z<\/h4>\n\n<ul class=\"wp-block-list\">\n<li>Veri sahipleri olarak, haklar\u0131n\u0131za ili\u015fkin taleplerinizi info@gyes.com.tr adresine yaz\u0131l\u0131 olarak veya a\u015fa\u011f\u0131da belirtilen posta adresine yaz\u0131l\u0131 olarak iletmeniz durumunda GYES talebin niteli\u011fine g\u00f6re talebi en k\u0131sa s\u00fcrede ve en ge\u00e7 otuz g\u00fcn i\u00e7inde \u00fccretsiz olarak sonu\u00e7land\u0131racakt\u0131r. Ancak, i\u015flemin ayr\u0131ca bir maliyeti gerektirmesi h\u00e2linde, GYES taraf\u0131ndan Ki\u015fisel Verileri Koruma Kurulunca belirlenen tarifedeki \u00fccret al\u0131nacakt\u0131r. Bu kapsamda, ki\u015fisel veri sahipleri a\u015fa\u011f\u0131daki haklara sahiptir:<\/li>\n\n\n\n<li>Ki\u015fisel veri i\u015flenip i\u015flenmedi\u011fini \u00f6\u011frenin,<\/li>\n\n\n\n<li>Ki\u015fisel verileri i\u015flenmi\u015fse buna ili\u015fkin bilgi talep etme,<\/li>\n\n\n\n<li>Ki\u015fisel verilerin i\u015flenme amac\u0131n\u0131 ve bunlar\u0131n amac\u0131na uygun kullan\u0131l\u0131p kullan\u0131lmad\u0131\u011f\u0131n\u0131 \u00f6\u011frenin,<\/li>\n\n\n\n<li>Yurt i\u00e7inde veya yurt d\u0131\u015f\u0131nda ki\u015fisel verilerin aktar\u0131ld\u0131\u011f\u0131 \u00fc\u00e7\u00fcnc\u00fc ki\u015fileri bilme,<\/li>\n\n\n\n<li>Ki\u015fisel verilerin eksik veya yanl\u0131\u015f i\u015flenmi\u015f olmas\u0131 h\u00e2linde bunlar\u0131n d\u00fczeltilmesini isteme ve bu kapsamda yap\u0131lan i\u015flemin ki\u015fisel verilerin aktar\u0131ld\u0131\u011f\u0131 \u00fc\u00e7\u00fcnc\u00fc ki\u015filere bildirilmesini isteme<\/li>\n\n\n\n<li>Kanun h\u00fck\u00fcmlerine uygun olarak i\u015flenmi\u015f olmas\u0131na ra\u011fmen, 6698 say\u0131l\u0131 Kanun ve ilgili di\u011fer kanun h\u00fck\u00fcmlerine uygun olarak ki\u015fisel verilerin silinmesini veya yok edilmesini isteme ve bu kapsamda yap\u0131lan i\u015flemin ki\u015fisel verilerin aktar\u0131ld\u0131\u011f\u0131 \u00fc\u00e7\u00fcnc\u00fc ki\u015filere bildirilmesini isteme,<\/li>\n\n\n\n<li>\u0130\u015flenen verilerin m\u00fcnhas\u0131ran otomatik sistemler vas\u0131tas\u0131yla analiz edilmesi suretiyle ki\u015finin kendisi aleyhine bir sonucun ortaya \u00e7\u0131kmas\u0131na itiraz etme,<\/li>\n\n\n\n<li>Ki\u015fisel verilerin kanuna ayk\u0131r\u0131 olarak i\u015flenmesi sebebiyle zarara u\u011framas\u0131 h\u00e2linde zarar\u0131n giderilmesini talep etme.<\/li>\n<\/ul>\n\n<p>GYES SAVUNMA SANAYI\u0307 LI\u0307MI\u0307TED \u015eI\u0307RKETI\u0307 (VERI\u0307 SORUMLUSU)<br\/>ADRESI\u0307: \u00c7ERKE\u015eL\u0130 MAH. UZUNTARLA SK. NO: 7 I\u0307\u00c7 KAPI NO: 1 DI\u0307LOVASI\/ KOCAELI\u0307<br\/>TEL: +90 216 232 49 37<\/p>\n","protected":false},"excerpt":{"rendered":"<p>Veri Sorumlusu Gyes Savunma Sanayi L\u0131m\u0131ted \u015eirketi (&#8220;Gyes&#8221; veya &#8220;\u015eirket&#8221;) Olarak 6698 Say\u0131l\u0131 Ki\u015fisel Verilerin Korunmas\u0131 Kanunu Kapsam\u0131nda Veri Sorumlusu S\u0131fat\u0131yla \u00dcyelerimizi, M\u00fc\u015fterilerimizi ve Ziyaret\u00e7ilerimizi Bilgilendirmek \u0130stiyoruz. Ki\u015fisel Verileriniz, Elde Edilme Y\u00f6ntemleri, \u0130\u015flenme Ama\u00e7lar\u0131 ve Hukuki Dayanaklar\u0131 Veri Aktar\u0131m\u0131 Yukar\u0131da belirtilen Ki\u015fisel verileriniz, 6698 say\u0131l\u0131 Kanun&#8217;un 8. ve 9. maddelerinde belirtilen ki\u015fisel veri i\u015fleme \u015fartlar\u0131 [&hellip;]<\/p>\n","protected":false},"author":1,"featured_media":0,"parent":0,"menu_order":0,"comment_status":"closed","ping_status":"closed","template":"","meta":{"footnotes":""},"class_list":["post-9897","page","type-page","status-publish","hentry"],"yoast_head":"<!-- This site is optimized with the Yoast SEO plugin v27.5 - https:\/\/yoast.com\/product\/yoast-seo-wordpress\/ -->\n<title>Ki\u015fisel Verilerin Korunmas\u0131 Kanunu - GYES Savunma Sanayi<\/title>\n<meta name=\"description\" content=\"Gyes, Gyes arms, Gyes savunma, Lord of guns, Gyes lord of guns, Gyes savunma lord of guns\" \/>\n<meta name=\"robots\" content=\"noindex, nofollow\" \/>\n<meta property=\"og:locale\" content=\"tr_TR\" \/>\n<meta property=\"og:type\" content=\"article\" \/>\n<meta property=\"og:title\" content=\"Ki\u015fisel Verilerin Korunmas\u0131 Kanunu - GYES Savunma Sanayi\" \/>\n<meta property=\"og:description\" content=\"Gyes, Gyes arms, Gyes savunma, Lord of guns, Gyes lord of guns, Gyes savunma lord of guns\" \/>\n<meta property=\"og:url\" content=\"https:\/\/gyes.com.tr\/tr\/kisisel-verilerin-korunmasi-kanunu\/\" \/>\n<meta property=\"og:site_name\" content=\"GYES Savunma Sanayi\" \/>\n<meta property=\"article:publisher\" content=\"https:\/\/www.facebook.com\/gyesarms\" \/>\n<meta property=\"article:modified_time\" content=\"2025-07-03T12:32:04+00:00\" \/>\n<meta property=\"og:image\" content=\"https:\/\/gyes.com.tr\/wp-content\/uploads\/Gyes_WebSequence_May2024_00200-2.webp\" \/>\n\t<meta property=\"og:image:width\" content=\"1500\" \/>\n\t<meta property=\"og:image:height\" content=\"1500\" \/>\n\t<meta property=\"og:image:type\" content=\"image\/webp\" \/>\n<meta name=\"twitter:card\" content=\"summary_large_image\" \/>\n<meta name=\"twitter:site\" content=\"@lordofguns\" \/>\n<meta name=\"twitter:label1\" content=\"Tahmini okuma s\u00fcresi\" \/>\n\t<meta name=\"twitter:data1\" content=\"4 dakika\" \/>\n<script type=\"application\/ld+json\" class=\"yoast-schema-graph\">{\"@context\":\"https:\\\/\\\/schema.org\",\"@graph\":[{\"@type\":\"WebPage\",\"@id\":\"https:\\\/\\\/gyes.com.tr\\\/tr\\\/kisisel-verilerin-korunmasi-kanunu\\\/\",\"url\":\"https:\\\/\\\/gyes.com.tr\\\/tr\\\/kisisel-verilerin-korunmasi-kanunu\\\/\",\"name\":\"Ki\u015fisel Verilerin Korunmas\u0131 Kanunu - GYES Savunma Sanayi\",\"isPartOf\":{\"@id\":\"https:\\\/\\\/gyes.com.tr\\\/tr\\\/#website\"},\"datePublished\":\"2024-02-27T10:38:42+00:00\",\"dateModified\":\"2025-07-03T12:32:04+00:00\",\"description\":\"Gyes, Gyes arms, Gyes savunma, Lord of guns, Gyes lord of guns, Gyes savunma lord of guns\",\"breadcrumb\":{\"@id\":\"https:\\\/\\\/gyes.com.tr\\\/tr\\\/kisisel-verilerin-korunmasi-kanunu\\\/#breadcrumb\"},\"inLanguage\":\"tr\",\"potentialAction\":[{\"@type\":\"ReadAction\",\"target\":[\"https:\\\/\\\/gyes.com.tr\\\/tr\\\/kisisel-verilerin-korunmasi-kanunu\\\/\"]}]},{\"@type\":\"BreadcrumbList\",\"@id\":\"https:\\\/\\\/gyes.com.tr\\\/tr\\\/kisisel-verilerin-korunmasi-kanunu\\\/#breadcrumb\",\"itemListElement\":[{\"@type\":\"ListItem\",\"position\":1,\"name\":\"Home\",\"item\":\"https:\\\/\\\/gyes.com.tr\\\/tr\\\/\"},{\"@type\":\"ListItem\",\"position\":2,\"name\":\"Ki\u015fisel Verilerin Korunmas\u0131 Kanunu\"}]},{\"@type\":\"WebSite\",\"@id\":\"https:\\\/\\\/gyes.com.tr\\\/tr\\\/#website\",\"url\":\"https:\\\/\\\/gyes.com.tr\\\/tr\\\/\",\"name\":\"GYES - Lord of Guns\",\"description\":\"- Silahlar\u0131n Efendisi\",\"publisher\":{\"@id\":\"https:\\\/\\\/gyes.com.tr\\\/tr\\\/#organization\"},\"alternateName\":\"Lord of Guns | Defense Industries\",\"potentialAction\":[{\"@type\":\"SearchAction\",\"target\":{\"@type\":\"EntryPoint\",\"urlTemplate\":\"https:\\\/\\\/gyes.com.tr\\\/tr\\\/?s={search_term_string}\"},\"query-input\":{\"@type\":\"PropertyValueSpecification\",\"valueRequired\":true,\"valueName\":\"search_term_string\"}}],\"inLanguage\":\"tr\"},{\"@type\":\"Organization\",\"@id\":\"https:\\\/\\\/gyes.com.tr\\\/tr\\\/#organization\",\"name\":\"GYES - Lord of Guns\",\"alternateName\":\"Defense Industries - Lord of Guns\",\"url\":\"https:\\\/\\\/gyes.com.tr\\\/tr\\\/\",\"logo\":{\"@type\":\"ImageObject\",\"inLanguage\":\"tr\",\"@id\":\"https:\\\/\\\/gyes.com.tr\\\/tr\\\/#\\\/schema\\\/logo\\\/image\\\/\",\"url\":\"https:\\\/\\\/gyes.com.tr\\\/wp-content\\\/uploads\\\/Gyes_WebSequence_May2024_00200-2.webp\",\"contentUrl\":\"https:\\\/\\\/gyes.com.tr\\\/wp-content\\\/uploads\\\/Gyes_WebSequence_May2024_00200-2.webp\",\"width\":1500,\"height\":1500,\"caption\":\"GYES - Lord of Guns\"},\"image\":{\"@id\":\"https:\\\/\\\/gyes.com.tr\\\/tr\\\/#\\\/schema\\\/logo\\\/image\\\/\"},\"sameAs\":[\"https:\\\/\\\/www.facebook.com\\\/gyesarms\",\"https:\\\/\\\/x.com\\\/lordofguns\",\"https:\\\/\\\/www.instagram.com\\\/lordofguns\\\/\",\"https:\\\/\\\/www.linkedin.com\\\/company\\\/lordofguns\"]}]}<\/script>\n<!-- \/ Yoast SEO plugin. -->","yoast_head_json":{"title":"Ki\u015fisel Verilerin Korunmas\u0131 Kanunu - GYES Savunma Sanayi","description":"Gyes, Gyes arms, Gyes savunma, Lord of guns, Gyes lord of guns, Gyes savunma lord of guns","robots":{"index":"noindex","follow":"nofollow"},"og_locale":"tr_TR","og_type":"article","og_title":"Ki\u015fisel Verilerin Korunmas\u0131 Kanunu - GYES Savunma Sanayi","og_description":"Gyes, Gyes arms, Gyes savunma, Lord of guns, Gyes lord of guns, Gyes savunma lord of guns","og_url":"https:\/\/gyes.com.tr\/tr\/kisisel-verilerin-korunmasi-kanunu\/","og_site_name":"GYES Savunma Sanayi","article_publisher":"https:\/\/www.facebook.com\/gyesarms","article_modified_time":"2025-07-03T12:32:04+00:00","og_image":[{"width":1500,"height":1500,"url":"https:\/\/gyes.com.tr\/wp-content\/uploads\/Gyes_WebSequence_May2024_00200-2.webp","type":"image\/webp"}],"twitter_card":"summary_large_image","twitter_site":"@lordofguns","twitter_misc":{"Tahmini okuma s\u00fcresi":"4 dakika"},"schema":{"@context":"https:\/\/schema.org","@graph":[{"@type":"WebPage","@id":"https:\/\/gyes.com.tr\/tr\/kisisel-verilerin-korunmasi-kanunu\/","url":"https:\/\/gyes.com.tr\/tr\/kisisel-verilerin-korunmasi-kanunu\/","name":"Ki\u015fisel Verilerin Korunmas\u0131 Kanunu - GYES Savunma Sanayi","isPartOf":{"@id":"https:\/\/gyes.com.tr\/tr\/#website"},"datePublished":"2024-02-27T10:38:42+00:00","dateModified":"2025-07-03T12:32:04+00:00","description":"Gyes, Gyes arms, Gyes savunma, Lord of guns, Gyes lord of guns, Gyes savunma lord of guns","breadcrumb":{"@id":"https:\/\/gyes.com.tr\/tr\/kisisel-verilerin-korunmasi-kanunu\/#breadcrumb"},"inLanguage":"tr","potentialAction":[{"@type":"ReadAction","target":["https:\/\/gyes.com.tr\/tr\/kisisel-verilerin-korunmasi-kanunu\/"]}]},{"@type":"BreadcrumbList","@id":"https:\/\/gyes.com.tr\/tr\/kisisel-verilerin-korunmasi-kanunu\/#breadcrumb","itemListElement":[{"@type":"ListItem","position":1,"name":"Home","item":"https:\/\/gyes.com.tr\/tr\/"},{"@type":"ListItem","position":2,"name":"Ki\u015fisel Verilerin Korunmas\u0131 Kanunu"}]},{"@type":"WebSite","@id":"https:\/\/gyes.com.tr\/tr\/#website","url":"https:\/\/gyes.com.tr\/tr\/","name":"GYES - Lord of Guns","description":"- Silahlar\u0131n Efendisi","publisher":{"@id":"https:\/\/gyes.com.tr\/tr\/#organization"},"alternateName":"Lord of Guns | Defense Industries","potentialAction":[{"@type":"SearchAction","target":{"@type":"EntryPoint","urlTemplate":"https:\/\/gyes.com.tr\/tr\/?s={search_term_string}"},"query-input":{"@type":"PropertyValueSpecification","valueRequired":true,"valueName":"search_term_string"}}],"inLanguage":"tr"},{"@type":"Organization","@id":"https:\/\/gyes.com.tr\/tr\/#organization","name":"GYES - Lord of Guns","alternateName":"Defense Industries - Lord of Guns","url":"https:\/\/gyes.com.tr\/tr\/","logo":{"@type":"ImageObject","inLanguage":"tr","@id":"https:\/\/gyes.com.tr\/tr\/#\/schema\/logo\/image\/","url":"https:\/\/gyes.com.tr\/wp-content\/uploads\/Gyes_WebSequence_May2024_00200-2.webp","contentUrl":"https:\/\/gyes.com.tr\/wp-content\/uploads\/Gyes_WebSequence_May2024_00200-2.webp","width":1500,"height":1500,"caption":"GYES - Lord of Guns"},"image":{"@id":"https:\/\/gyes.com.tr\/tr\/#\/schema\/logo\/image\/"},"sameAs":["https:\/\/www.facebook.com\/gyesarms","https:\/\/x.com\/lordofguns","https:\/\/www.instagram.com\/lordofguns\/","https:\/\/www.linkedin.com\/company\/lordofguns"]}]}},"meta_box":[],"_links":{"self":[{"href":"https:\/\/gyes.com.tr\/tr\/wp-json\/wp\/v2\/pages\/9897","targetHints":{"allow":["GET"]}}],"collection":[{"href":"https:\/\/gyes.com.tr\/tr\/wp-json\/wp\/v2\/pages"}],"about":[{"href":"https:\/\/gyes.com.tr\/tr\/wp-json\/wp\/v2\/types\/page"}],"author":[{"embeddable":true,"href":"https:\/\/gyes.com.tr\/tr\/wp-json\/wp\/v2\/users\/1"}],"replies":[{"embeddable":true,"href":"https:\/\/gyes.com.tr\/tr\/wp-json\/wp\/v2\/comments?post=9897"}],"version-history":[{"count":1,"href":"https:\/\/gyes.com.tr\/tr\/wp-json\/wp\/v2\/pages\/9897\/revisions"}],"predecessor-version":[{"id":9898,"href":"https:\/\/gyes.com.tr\/tr\/wp-json\/wp\/v2\/pages\/9897\/revisions\/9898"}],"wp:attachment":[{"href":"https:\/\/gyes.com.tr\/tr\/wp-json\/wp\/v2\/media?parent=9897"}],"curies":[{"name":"wp","href":"https:\/\/api.w.org\/{rel}","templated":true}]}}